{"id":815,"date":"2023-01-30T14:45:16","date_gmt":"2023-01-30T14:45:16","guid":{"rendered":"https:\/\/dreamhub.dreamitsolution.net\/lawyer\/?page_id=815"},"modified":"2025-11-20T20:53:04","modified_gmt":"2025-11-20T20:53:04","slug":"kontakt","status":"publish","type":"page","link":"https:\/\/adwokat-slupsk.eu\/index.php\/kontakt\/","title":{"rendered":"Kontakt"},"content":{"rendered":"\t\t<div data-elementor-type=\"wp-page\" data-elementor-id=\"815\" class=\"elementor elementor-815\">\n\t\t\t\t\t\t<section class=\"elementor-section elementor-top-section elementor-element elementor-element-820b215 elementor-section-boxed elementor-section-height-default elementor-section-height-default\" data-id=\"820b215\" data-element_type=\"section\" data-settings=\"{&quot;background_background&quot;:&quot;classic&quot;}\">\n\t\t\t\t\t\t<div class=\"elementor-container elementor-column-gap-default\">\n\t\t\t\t\t<div class=\"elementor-column elementor-col-100 elementor-top-column elementor-element elementor-element-3606464\" data-id=\"3606464\" data-element_type=\"column\">\n\t\t\t<div class=\"elementor-widget-wrap elementor-element-populated\">\n\t\t\t\t\t\t<section class=\"elementor-section elementor-inner-section elementor-element elementor-element-95e1924 contact_two elementor-section-boxed elementor-section-height-default elementor-section-height-default\" data-id=\"95e1924\" data-element_type=\"section\">\n\t\t\t\t\t\t<div class=\"elementor-container elementor-column-gap-default\">\n\t\t\t\t\t<div class=\"elementor-column elementor-col-33 elementor-inner-column elementor-element elementor-element-25e3630\" data-id=\"25e3630\" data-element_type=\"column\">\n\t\t\t<div class=\"elementor-widget-wrap elementor-element-populated\">\n\t\t\t\t\t\t<div class=\"elementor-element elementor-element-18285d5 elementor-widget elementor-widget-service\" data-id=\"18285d5\" data-element_type=\"widget\" data-widget_type=\"service.default\">\n\t\t\t\t<div class=\"elementor-widget-container\">\n\t\t\t\t\t\r\n\t\t\r\n\t\t\t<div class=\"service-box service-style-sixteen \">\r\n\t\t\t\t\t<div class=\"single-service-box d-flex align-items-center\">\r\n\t\t\t\t<!-- Icon \/ Img -->\r\n\t\t\t\t<div class=\"service__box--icon\">\r\n\t\t\t\t\t\t\t\t\t\t\t<div class=\"service-box-icon\">\r\n\t\t\t\t\t\t\t<i class=\"flaticon flaticon-placeholder-1\"><\/i>\r\n\t\t\t\t\t\t<\/div>\r\n\r\n\t\t\t\t\t\t\t\t\t\t<div class=\"service__number\">\r\n\t\t\t\t\t\t<span><\/span>\r\n\t\t\t\t\t<\/div>\r\n\t\t\t\t<\/div>\r\n\r\n\t\t\t\t<div class=\"service-box-content\">\r\n\r\n\t\t\t\t\t<div class=\"service-box-title\" >\r\n\t\t\t\t\t\t<h2>Adres<\/h2>\r\n\t\t\t\t\t<\/div>\r\n\r\n\t\t\t\t\t<div class=\"service-box-desc\" >\r\n\t\t\t\t\t\t<p>ul. Szarych Szereg\u00f3w 13A<br>\n76-200 S\u0142upsk<\/p>\r\n\t\t\t\t\t<\/div>\r\n\r\n\t\t\t\t\t\r\n\t\t\t\t<\/div><!-- .service-box-content -->\r\n\t\t\t<\/div><!-- .service-box .service-style-two -->\r\n\t\t\t<\/div>\r\n\r\n\t\t\t\t\t\t<\/div>\n\t\t\t\t<\/div>\n\t\t\t\t\t<\/div>\n\t\t<\/div>\n\t\t\t\t<div class=\"elementor-column elementor-col-33 elementor-inner-column elementor-element elementor-element-2f8c162\" data-id=\"2f8c162\" data-element_type=\"column\">\n\t\t\t<div class=\"elementor-widget-wrap elementor-element-populated\">\n\t\t\t\t\t\t<div class=\"elementor-element elementor-element-e70ebba elementor-widget elementor-widget-service\" data-id=\"e70ebba\" data-element_type=\"widget\" data-widget_type=\"service.default\">\n\t\t\t\t<div class=\"elementor-widget-container\">\n\t\t\t\t\t\r\n\t\t\r\n\t\t\t<div class=\"service-box service-style-sixteen \">\r\n\t\t\t\t\t<div class=\"single-service-box d-flex align-items-center\">\r\n\t\t\t\t<!-- Icon \/ Img -->\r\n\t\t\t\t<div class=\"service__box--icon\">\r\n\t\t\t\t\t\t\t\t\t\t\t<div class=\"service-box-icon\">\r\n\t\t\t\t\t\t\t<i class=\"flaticon flaticon-phone-call\"><\/i>\r\n\t\t\t\t\t\t<\/div>\r\n\r\n\t\t\t\t\t\t\t\t\t\t<div class=\"service__number\">\r\n\t\t\t\t\t\t<span><\/span>\r\n\t\t\t\t\t<\/div>\r\n\t\t\t\t<\/div>\r\n\r\n\t\t\t\t<div class=\"service-box-content\">\r\n\r\n\t\t\t\t\t<div class=\"service-box-title\" >\r\n\t\t\t\t\t\t<h2>Kontakt telefoniczny<\/h2>\r\n\t\t\t\t\t<\/div>\r\n\r\n\t\t\t\t\t<div class=\"service-box-desc\" >\r\n\t\t\t\t\t\t<p>+48 601 366 781<br>\n+  48 59 842 42 42<\/p>\r\n\t\t\t\t\t<\/div>\r\n\r\n\t\t\t\t\t\r\n\t\t\t\t<\/div><!-- .service-box-content -->\r\n\t\t\t<\/div><!-- .service-box .service-style-two -->\r\n\t\t\t<\/div>\r\n\r\n\t\t\t\t\t\t<\/div>\n\t\t\t\t<\/div>\n\t\t\t\t\t<\/div>\n\t\t<\/div>\n\t\t\t\t<div class=\"elementor-column elementor-col-33 elementor-inner-column elementor-element elementor-element-e8323c4\" data-id=\"e8323c4\" data-element_type=\"column\">\n\t\t\t<div class=\"elementor-widget-wrap elementor-element-populated\">\n\t\t\t\t\t\t<div class=\"elementor-element elementor-element-3e28c86 elementor-widget elementor-widget-service\" data-id=\"3e28c86\" data-element_type=\"widget\" data-widget_type=\"service.default\">\n\t\t\t\t<div class=\"elementor-widget-container\">\n\t\t\t\t\t\r\n\t\t\r\n\t\t\t<div class=\"service-box service-style-sixteen \">\r\n\t\t\t\t\t<div class=\"single-service-box d-flex align-items-center\">\r\n\t\t\t\t<!-- Icon \/ Img -->\r\n\t\t\t\t<div class=\"service__box--icon\">\r\n\t\t\t\t\t\t\t\t\t\t\t<div class=\"service-box-icon\">\r\n\t\t\t\t\t\t\t<i class=\"flaticon flaticon-email\"><\/i>\r\n\t\t\t\t\t\t<\/div>\r\n\r\n\t\t\t\t\t\t\t\t\t\t<div class=\"service__number\">\r\n\t\t\t\t\t\t<span><\/span>\r\n\t\t\t\t\t<\/div>\r\n\t\t\t\t<\/div>\r\n\r\n\t\t\t\t<div class=\"service-box-content\">\r\n\r\n\t\t\t\t\t<div class=\"service-box-title\" >\r\n\t\t\t\t\t\t<h2>Adres Mailowy<\/h2>\r\n\t\t\t\t\t<\/div>\r\n\r\n\t\t\t\t\t<div class=\"service-box-desc\" >\r\n\t\t\t\t\t\t<p>kancelaria@adwokat-slupsk.eu<br><br>\n<\/p>\r\n\t\t\t\t\t<\/div>\r\n\r\n\t\t\t\t\t\r\n\t\t\t\t<\/div><!-- .service-box-content -->\r\n\t\t\t<\/div><!-- .service-box .service-style-two -->\r\n\t\t\t<\/div>\r\n\r\n\t\t\t\t\t\t<\/div>\n\t\t\t\t<\/div>\n\t\t\t\t\t<\/div>\n\t\t<\/div>\n\t\t\t\t\t<\/div>\n\t\t<\/section>\n\t\t\t\t<section class=\"elementor-section elementor-inner-section elementor-element elementor-element-bc85b7c elementor-section-boxed elementor-section-height-default elementor-section-height-default\" data-id=\"bc85b7c\" data-element_type=\"section\">\n\t\t\t\t\t\t<div class=\"elementor-container elementor-column-gap-default\">\n\t\t\t\t\t<div class=\"elementor-column elementor-col-100 elementor-inner-column elementor-element elementor-element-a3f0c6b\" data-id=\"a3f0c6b\" data-element_type=\"column\">\n\t\t\t<div class=\"elementor-widget-wrap elementor-element-populated\">\n\t\t\t\t\t\t<div class=\"elementor-element elementor-element-ccf4c19 elementor-widget elementor-widget-sectiontitle\" data-id=\"ccf4c19\" data-element_type=\"widget\" data-widget_type=\"sectiontitle.default\">\n\t\t\t\t<div class=\"elementor-widget-container\">\n\t\t\t\t\t\r\n\t\t\t\t\t\t\t<div class=\"\">\r\n\r\n\t\t\t\t\t<div class=\"section-title t_center\">\r\n\t\t\t\t\t\t\r\n\t\t\t\t\t\t\r\n\t\t\t\t\t\t \r\n\t\t\t\t\t\t\t<h3>Napisz do Nas<\/h3>\r\n\t\t\t\t\t\t\r\n\t\t\t\t\t\t\t\t\t\t\t\t \r\n\t\t\t\t\t\t\t<p>Je\u017celi masz pytania lub chcesz um\u00f3wi\u0107 si\u0119 na konsultacj\u0119, skorzystaj z naszego formularza kontaktowego. Odpowiemy na Twoje zapytanie tak szybko, jak to mo\u017cliwe.<\/p>\r\n\t\t\t\t\t\t\r\n\r\n\r\n\t\t\t\t\t<\/div>\t\r\n\r\n\t\t\t\t<\/div>\r\n\r\n\t\t\t\r\n\t\t\t\t\t\t\t<\/div>\n\t\t\t\t<\/div>\n\t\t\t\t\t<\/div>\n\t\t<\/div>\n\t\t\t\t\t<\/div>\n\t\t<\/section>\n\t\t\t\t<section class=\"elementor-section elementor-inner-section elementor-element elementor-element-f2e2180 contact elementor-section-boxed elementor-section-height-default elementor-section-height-default\" data-id=\"f2e2180\" data-element_type=\"section\">\n\t\t\t\t\t\t<div class=\"elementor-container elementor-column-gap-default\">\n\t\t\t\t\t<div class=\"elementor-column elementor-col-100 elementor-inner-column elementor-element elementor-element-1b4a039\" data-id=\"1b4a039\" data-element_type=\"column\">\n\t\t\t<div class=\"elementor-widget-wrap elementor-element-populated\">\n\t\t\t\t\t\t<div class=\"elementor-element elementor-element-b6e7187 elementor-widget elementor-widget-shortcode\" data-id=\"b6e7187\" data-element_type=\"widget\" data-widget_type=\"shortcode.default\">\n\t\t\t\t<div class=\"elementor-widget-container\">\n\t\t\t\t\t\t\t<div class=\"elementor-shortcode\">\n<div class=\"wpcf7 no-js\" id=\"wpcf7-f345-o1\" lang=\"en-US\" dir=\"ltr\" data-wpcf7-id=\"345\">\n<div class=\"screen-reader-response\"><p role=\"status\" aria-live=\"polite\" aria-atomic=\"true\"><\/p> <ul><\/ul><\/div>\n<form action=\"\/index.php\/wp-json\/wp\/v2\/pages\/815#wpcf7-f345-o1\" method=\"post\" class=\"wpcf7-form init\" aria-label=\"Contact form\" novalidate=\"novalidate\" data-status=\"init\">\n<div style=\"display: none;\">\n<input type=\"hidden\" name=\"_wpcf7\" value=\"345\" \/>\n<input type=\"hidden\" name=\"_wpcf7_version\" value=\"6.0.6\" \/>\n<input type=\"hidden\" name=\"_wpcf7_locale\" value=\"en_US\" \/>\n<input type=\"hidden\" name=\"_wpcf7_unit_tag\" value=\"wpcf7-f345-o1\" \/>\n<input type=\"hidden\" name=\"_wpcf7_container_post\" value=\"0\" \/>\n<input type=\"hidden\" name=\"_wpcf7_posted_data_hash\" value=\"\" \/>\n<\/div>\n<div class=\"form-area quote_form\">\n\t<div class=\"form-inner\">\n\t\t<div class=\"title\">\n\t\t<\/div>\n\t\t<div class=\"form-controls row\">\n\t\t\t<div class=\"col-md-6\">\n\t\t\t\t<div class=\"form-group\">\n\t\t\t\t\t<p><span class=\"wpcf7-form-control-wrap\" data-name=\"sub\"><input size=\"40\" maxlength=\"400\" class=\"wpcf7-form-control wpcf7-text wpcf7-validates-as-required form-control\" aria-required=\"true\" aria-invalid=\"false\" placeholder=\"Dane kontaktowe\" value=\"\" type=\"text\" name=\"sub\" \/><\/span>\n\t\t\t\t\t<\/p>\n\t\t\t\t<\/div>\n\t\t\t<\/div>\n\t\t\t<div class=\"col-md-6\">\n\t\t\t\t<div class=\"form-group\">\n\t\t\t\t\t<p><span class=\"wpcf7-form-control-wrap\" data-name=\"sub2\"><input size=\"40\" maxlength=\"400\" class=\"wpcf7-form-control wpcf7-email wpcf7-validates-as-required wpcf7-text wpcf7-validates-as-email form-control\" aria-required=\"true\" aria-invalid=\"false\" placeholder=\"Email\" value=\"\" type=\"email\" name=\"sub2\" \/><\/span>\n\t\t\t\t\t<\/p>\n\t\t\t\t<\/div>\n\t\t\t<\/div>\n\t\t\t<div class=\"col-md-12\">\n\t\t\t\t<div class=\"form-group\">\n\t\t\t\t\t<p><span class=\"wpcf7-form-control-wrap\" data-name=\"sub3\"><input size=\"40\" maxlength=\"400\" class=\"wpcf7-form-control wpcf7-text wpcf7-validates-as-required form-control\" aria-required=\"true\" aria-invalid=\"false\" placeholder=\"Telefon\" value=\"\" type=\"text\" name=\"sub3\" \/><\/span>\n\t\t\t\t\t<\/p>\n\t\t\t\t<\/div>\n\t\t\t<\/div>\n\t\t\t<div class=\"col-md-12\">\n\t\t\t\t<div class=\"form-group\">\n\t\t\t\t\t<p><span class=\"wpcf7-form-control-wrap\" data-name=\"textarea-234\"><textarea cols=\"20\" rows=\"7\" maxlength=\"2000\" class=\"wpcf7-form-control wpcf7-textarea wpcf7-validates-as-required form-control\" aria-required=\"true\" aria-invalid=\"false\" placeholder=\"Twoja wiadomo\u015b\u0107\" name=\"textarea-234\"><\/textarea><\/span>\n\t\t\t\t\t<\/p>\n\t\t\t\t<\/div>\n\t\t\t<\/div>\n\t\t\t<div class=\"col-md-12\">\n\t\t\t\t<div class=\"form-group\">\n\t\t\t\t\t<div class=\"buttons\">\n\t\t\t\t\t\t<p><input class=\"wpcf7-form-control wpcf7-submit has-spinner button\" type=\"submit\" value=\"Wy\u015blij\" \/>\n\t\t\t\t\t\t<\/p>\n\t\t\t\t\t<\/div>\n\t\t\t\t<\/div>\n\t\t\t<\/div>\n\t\t<\/div>\n\t<\/div>\n<\/div><div class=\"wpcf7-response-output\" aria-hidden=\"true\"><\/div>\n<\/form>\n<\/div>\n<\/div>\n\t\t\t\t\t\t<\/div>\n\t\t\t\t<\/div>\n\t\t\t\t\t<\/div>\n\t\t<\/div>\n\t\t\t\t\t<\/div>\n\t\t<\/section>\n\t\t\t\t\t<\/div>\n\t\t<\/div>\n\t\t\t\t\t<\/div>\n\t\t<\/section>\n\t\t\t\t<section class=\"elementor-section elementor-top-section elementor-element elementor-element-95d0d42 newsletter elementor-section-boxed elementor-section-height-default elementor-section-height-default\" data-id=\"95d0d42\" data-element_type=\"section\" data-settings=\"{&quot;background_background&quot;:&quot;classic&quot;}\">\n\t\t\t\t\t\t<div class=\"elementor-container elementor-column-gap-default\">\n\t\t\t\t\t<div class=\"elementor-column elementor-col-100 elementor-top-column elementor-element elementor-element-735962b\" data-id=\"735962b\" data-element_type=\"column\">\n\t\t\t<div class=\"elementor-widget-wrap elementor-element-populated\">\n\t\t\t\t\t\t<section class=\"elementor-section elementor-inner-section elementor-element elementor-element-1fb76ff elementor-section-content-middle elementor-section-boxed elementor-section-height-default elementor-section-height-default\" data-id=\"1fb76ff\" data-element_type=\"section\">\n\t\t\t\t\t\t<div class=\"elementor-container elementor-column-gap-default\">\n\t\t\t\t\t<div class=\"elementor-column elementor-col-50 elementor-inner-column elementor-element elementor-element-097150c\" data-id=\"097150c\" data-element_type=\"column\">\n\t\t\t<div class=\"elementor-widget-wrap elementor-element-populated\">\n\t\t\t\t\t\t<div class=\"elementor-element elementor-element-d45c098 elementor-widget elementor-widget-sectiontitle\" data-id=\"d45c098\" data-element_type=\"widget\" data-widget_type=\"sectiontitle.default\">\n\t\t\t\t<div class=\"elementor-widget-container\">\n\t\t\t\t\t\r\n\t\t\t\t\t\t\t<div class=\"\">\r\n\r\n\t\t\t\t\t<div class=\"section-title t_left\">\r\n\t\t\t\t\t\t\r\n\t\t\t\t\t\t\r\n\t\t\t\t\t\t \r\n\t\t\t\t\t\t\t<h3>Suscribe to Our Newsletter!<\/h3>\r\n\t\t\t\t\t\t\r\n\t\t\t\t\t\t\t\t\t\t\t\t \r\n\t\t\t\t\t\t\t<p>Holisticly provide access to exceptional methodologies more than another option for out-of-the-box core competencies.<\/p>\r\n\t\t\t\t\t\t\r\n\r\n\r\n\t\t\t\t\t<\/div>\t\r\n\r\n\t\t\t\t<\/div>\r\n\r\n\t\t\t\r\n\t\t\t\t\t\t\t<\/div>\n\t\t\t\t<\/div>\n\t\t\t\t\t<\/div>\n\t\t<\/div>\n\t\t\t\t<div class=\"elementor-column elementor-col-50 elementor-inner-column elementor-element elementor-element-115a1b9\" data-id=\"115a1b9\" data-element_type=\"column\">\n\t\t\t<div class=\"elementor-widget-wrap elementor-element-populated\">\n\t\t\t\t\t\t<div class=\"elementor-element elementor-element-b36304e elementor-widget elementor-widget-shortcode\" data-id=\"b36304e\" data-element_type=\"widget\" data-widget_type=\"shortcode.default\">\n\t\t\t\t<div class=\"elementor-widget-container\">\n\t\t\t\t\t\t\t<div class=\"elementor-shortcode\"><script>(function() {\n\twindow.mc4wp = window.mc4wp || {\n\t\tlisteners: [],\n\t\tforms: {\n\t\t\ton: function(evt, cb) {\n\t\t\t\twindow.mc4wp.listeners.push(\n\t\t\t\t\t{\n\t\t\t\t\t\tevent   : evt,\n\t\t\t\t\t\tcallback: cb\n\t\t\t\t\t}\n\t\t\t\t);\n\t\t\t}\n\t\t}\n\t}\n})();\n<\/script><!-- Mailchimp for WordPress v4.10.3 - https:\/\/wordpress.org\/plugins\/mailchimp-for-wp\/ --><form id=\"mc4wp-form-1\" class=\"mc4wp-form mc4wp-form-637\" method=\"post\" data-id=\"637\" data-name=\"\" ><div class=\"mc4wp-form-fields\"><p class=\"mailchimp-form\">\r\n<input type=\"email\" name=\"email\" placeholder=\"Enter Your Email....\" required=\"\">\r\n<button type=\"submit\"> Subscribe<\/button><\/p><\/div><label style=\"display: none !important;\">Pozostaw to pole puste, je\u015bli jeste\u015b cz\u0142owiekiem: <input type=\"text\" name=\"_mc4wp_honeypot\" value=\"\" tabindex=\"-1\" autocomplete=\"off\" \/><\/label><input type=\"hidden\" name=\"_mc4wp_timestamp\" value=\"1775252692\" \/><input type=\"hidden\" name=\"_mc4wp_form_id\" value=\"637\" \/><input type=\"hidden\" name=\"_mc4wp_form_element_id\" value=\"mc4wp-form-1\" \/><div class=\"mc4wp-response\"><\/div><\/form><!-- \/ Mailchimp for WordPress Plugin --><\/div>\n\t\t\t\t\t\t<\/div>\n\t\t\t\t<\/div>\n\t\t\t\t\t<\/div>\n\t\t<\/div>\n\t\t\t\t\t<\/div>\n\t\t<\/section>\n\t\t\t\t\t<\/div>\n\t\t<\/div>\n\t\t\t\t\t<\/div>\n\t\t<\/section>\n\t\t<div class=\"elementor-element elementor-element-114a7bd e-flex e-con-boxed e-con e-parent\" data-id=\"114a7bd\" data-element_type=\"container\">\n\t\t\t\t\t<div class=\"e-con-inner\">\n\t\t\t\t<div class=\"elementor-element elementor-element-d40e596 elementor-widget elementor-widget-html\" data-id=\"d40e596\" data-element_type=\"widget\" data-widget_type=\"html.default\">\n\t\t\t\t<div class=\"elementor-widget-container\">\n\t\t\t\t\t<style>\n    .newsletter{\n        display: none;\n    }\n<\/style>\t\t\t\t<\/div>\n\t\t\t\t<\/div>\n\t\t\t\t\t<\/div>\n\t\t\t\t<\/div>\n\t\t\t\t<\/div>\n\t\t","protected":false},"excerpt":{"rendered":"<p>Adres ul. Szarych Szereg\u00f3w 13A 76-200 S\u0142upsk Kontakt telefoniczny +48 601 366 781 + 48 59 842 42 42 Adres Mailowy kancelaria@adwokat-slupsk.eu Napisz do Nas Je\u017celi masz pytania lub chcesz um\u00f3wi\u0107 si\u0119 na konsultacj\u0119, skorzystaj z naszego formularza kontaktowego. Odpowiemy na Twoje zapytanie tak szybko, jak to mo\u017cliwe. Suscribe to Our Newsletter! Holisticly provide access [&hellip;]<\/p>\n","protected":false},"author":2,"featured_media":0,"parent":0,"menu_order":0,"comment_status":"closed","ping_status":"closed","template":"page-templates\/template-default.php","meta":{"_monsterinsights_skip_tracking":false,"_monsterinsights_sitenote_active":false,"_monsterinsights_sitenote_note":"","_monsterinsights_sitenote_category":0,"footnotes":""},"class_list":["post-815","page","type-page","status-publish","hentry"],"yoast_head":"<!-- This site is optimized with the Yoast SEO Premium plugin v25.1 (Yoast SEO v25.1) - https:\/\/yoast.com\/wordpress\/plugins\/seo\/ -->\n<title>Kontakt - Adwokat S\u0142upsk<\/title>\n<meta name=\"robots\" content=\"index, follow, max-snippet:-1, max-image-preview:large, max-video-preview:-1\" \/>\n<link rel=\"canonical\" href=\"https:\/\/adwokat-slupsk.eu\/index.php\/kontakt\/\" \/>\n<meta property=\"og:locale\" content=\"pl_PL\" \/>\n<meta property=\"og:type\" content=\"article\" \/>\n<meta property=\"og:title\" content=\"Kontakt\" \/>\n<meta property=\"og:description\" content=\"Adres ul. Szarych Szereg\u00f3w 13A 76-200 S\u0142upsk Kontakt telefoniczny +48 601 366 781 + 48 59 842 42 42 Adres Mailowy kancelaria@adwokat-slupsk.eu Napisz do Nas Je\u017celi masz pytania lub chcesz um\u00f3wi\u0107 si\u0119 na konsultacj\u0119, skorzystaj z naszego formularza kontaktowego. Odpowiemy na Twoje zapytanie tak szybko, jak to mo\u017cliwe. Suscribe to Our Newsletter! Holisticly provide access [&hellip;]\" \/>\n<meta property=\"og:url\" content=\"https:\/\/adwokat-slupsk.eu\/index.php\/kontakt\/\" \/>\n<meta property=\"og:site_name\" content=\"Adwokat S\u0142upsk\" \/>\n<meta property=\"article:publisher\" content=\"https:\/\/www.facebook.com\/adw.slupsk\" \/>\n<meta property=\"article:modified_time\" content=\"2025-11-20T20:53:04+00:00\" \/>\n<meta name=\"twitter:card\" content=\"summary_large_image\" \/>\n<script type=\"application\/ld+json\" class=\"yoast-schema-graph\">{\"@context\":\"https:\/\/schema.org\",\"@graph\":[{\"@type\":\"WebPage\",\"@id\":\"https:\/\/adwokat-slupsk.eu\/index.php\/kontakt\/\",\"url\":\"https:\/\/adwokat-slupsk.eu\/index.php\/kontakt\/\",\"name\":\"Kontakt - Adwokat S\u0142upsk\",\"isPartOf\":{\"@id\":\"https:\/\/adwokat-slupsk.eu\/#website\"},\"datePublished\":\"2023-01-30T14:45:16+00:00\",\"dateModified\":\"2025-11-20T20:53:04+00:00\",\"breadcrumb\":{\"@id\":\"https:\/\/adwokat-slupsk.eu\/index.php\/kontakt\/#breadcrumb\"},\"inLanguage\":\"pl-PL\",\"potentialAction\":[{\"@type\":\"ReadAction\",\"target\":[\"https:\/\/adwokat-slupsk.eu\/index.php\/kontakt\/\"]}]},{\"@type\":\"BreadcrumbList\",\"@id\":\"https:\/\/adwokat-slupsk.eu\/index.php\/kontakt\/#breadcrumb\",\"itemListElement\":[{\"@type\":\"ListItem\",\"position\":1,\"name\":\"Strona g\u0142\u00f3wna\",\"item\":\"https:\/\/adwokat-slupsk.eu\/\"},{\"@type\":\"ListItem\",\"position\":2,\"name\":\"Kontakt\"}]},{\"@type\":\"WebSite\",\"@id\":\"https:\/\/adwokat-slupsk.eu\/#website\",\"url\":\"https:\/\/adwokat-slupsk.eu\/\",\"name\":\"Adwokat S\u0142upsk\",\"description\":\"Skuteczna pomoc prawna w S\u0142upsku i okolicach.\",\"publisher\":{\"@id\":\"https:\/\/adwokat-slupsk.eu\/#organization\"},\"potentialAction\":[{\"@type\":\"SearchAction\",\"target\":{\"@type\":\"EntryPoint\",\"urlTemplate\":\"https:\/\/adwokat-slupsk.eu\/?s={search_term_string}\"},\"query-input\":{\"@type\":\"PropertyValueSpecification\",\"valueRequired\":true,\"valueName\":\"search_term_string\"}}],\"inLanguage\":\"pl-PL\"},{\"@type\":\"Organization\",\"@id\":\"https:\/\/adwokat-slupsk.eu\/#organization\",\"name\":\"Adwokat S\u0142upsk\",\"url\":\"https:\/\/adwokat-slupsk.eu\/\",\"logo\":{\"@type\":\"ImageObject\",\"inLanguage\":\"pl-PL\",\"@id\":\"https:\/\/adwokat-slupsk.eu\/#\/schema\/logo\/image\/\",\"url\":\"https:\/\/adwokat-slupsk.eu\/wp-content\/uploads\/2025\/02\/Logo-kancelaria-v1.0.png\",\"contentUrl\":\"https:\/\/adwokat-slupsk.eu\/wp-content\/uploads\/2025\/02\/Logo-kancelaria-v1.0.png\",\"width\":547,\"height\":493,\"caption\":\"Adwokat S\u0142upsk\"},\"image\":{\"@id\":\"https:\/\/adwokat-slupsk.eu\/#\/schema\/logo\/image\/\"},\"sameAs\":[\"https:\/\/www.facebook.com\/adw.slupsk\"]}]}<\/script>\n<!-- \/ Yoast SEO Premium plugin. -->","yoast_head_json":{"title":"Kontakt - Adwokat S\u0142upsk","robots":{"index":"index","follow":"follow","max-snippet":"max-snippet:-1","max-image-preview":"max-image-preview:large","max-video-preview":"max-video-preview:-1"},"canonical":"https:\/\/adwokat-slupsk.eu\/index.php\/kontakt\/","og_locale":"pl_PL","og_type":"article","og_title":"Kontakt","og_description":"Adres ul. Szarych Szereg\u00f3w 13A 76-200 S\u0142upsk Kontakt telefoniczny +48 601 366 781 + 48 59 842 42 42 Adres Mailowy kancelaria@adwokat-slupsk.eu Napisz do Nas Je\u017celi masz pytania lub chcesz um\u00f3wi\u0107 si\u0119 na konsultacj\u0119, skorzystaj z naszego formularza kontaktowego. Odpowiemy na Twoje zapytanie tak szybko, jak to mo\u017cliwe. Suscribe to Our Newsletter! Holisticly provide access [&hellip;]","og_url":"https:\/\/adwokat-slupsk.eu\/index.php\/kontakt\/","og_site_name":"Adwokat S\u0142upsk","article_publisher":"https:\/\/www.facebook.com\/adw.slupsk","article_modified_time":"2025-11-20T20:53:04+00:00","twitter_card":"summary_large_image","schema":{"@context":"https:\/\/schema.org","@graph":[{"@type":"WebPage","@id":"https:\/\/adwokat-slupsk.eu\/index.php\/kontakt\/","url":"https:\/\/adwokat-slupsk.eu\/index.php\/kontakt\/","name":"Kontakt - Adwokat S\u0142upsk","isPartOf":{"@id":"https:\/\/adwokat-slupsk.eu\/#website"},"datePublished":"2023-01-30T14:45:16+00:00","dateModified":"2025-11-20T20:53:04+00:00","breadcrumb":{"@id":"https:\/\/adwokat-slupsk.eu\/index.php\/kontakt\/#breadcrumb"},"inLanguage":"pl-PL","potentialAction":[{"@type":"ReadAction","target":["https:\/\/adwokat-slupsk.eu\/index.php\/kontakt\/"]}]},{"@type":"BreadcrumbList","@id":"https:\/\/adwokat-slupsk.eu\/index.php\/kontakt\/#breadcrumb","itemListElement":[{"@type":"ListItem","position":1,"name":"Strona g\u0142\u00f3wna","item":"https:\/\/adwokat-slupsk.eu\/"},{"@type":"ListItem","position":2,"name":"Kontakt"}]},{"@type":"WebSite","@id":"https:\/\/adwokat-slupsk.eu\/#website","url":"https:\/\/adwokat-slupsk.eu\/","name":"Adwokat S\u0142upsk","description":"Skuteczna pomoc prawna w S\u0142upsku i okolicach.","publisher":{"@id":"https:\/\/adwokat-slupsk.eu\/#organization"},"potentialAction":[{"@type":"SearchAction","target":{"@type":"EntryPoint","urlTemplate":"https:\/\/adwokat-slupsk.eu\/?s={search_term_string}"},"query-input":{"@type":"PropertyValueSpecification","valueRequired":true,"valueName":"search_term_string"}}],"inLanguage":"pl-PL"},{"@type":"Organization","@id":"https:\/\/adwokat-slupsk.eu\/#organization","name":"Adwokat S\u0142upsk","url":"https:\/\/adwokat-slupsk.eu\/","logo":{"@type":"ImageObject","inLanguage":"pl-PL","@id":"https:\/\/adwokat-slupsk.eu\/#\/schema\/logo\/image\/","url":"https:\/\/adwokat-slupsk.eu\/wp-content\/uploads\/2025\/02\/Logo-kancelaria-v1.0.png","contentUrl":"https:\/\/adwokat-slupsk.eu\/wp-content\/uploads\/2025\/02\/Logo-kancelaria-v1.0.png","width":547,"height":493,"caption":"Adwokat S\u0142upsk"},"image":{"@id":"https:\/\/adwokat-slupsk.eu\/#\/schema\/logo\/image\/"},"sameAs":["https:\/\/www.facebook.com\/adw.slupsk"]}]}},"_links":{"self":[{"href":"https:\/\/adwokat-slupsk.eu\/index.php\/wp-json\/wp\/v2\/pages\/815","targetHints":{"allow":["GET"]}}],"collection":[{"href":"https:\/\/adwokat-slupsk.eu\/index.php\/wp-json\/wp\/v2\/pages"}],"about":[{"href":"https:\/\/adwokat-slupsk.eu\/index.php\/wp-json\/wp\/v2\/types\/page"}],"author":[{"embeddable":true,"href":"https:\/\/adwokat-slupsk.eu\/index.php\/wp-json\/wp\/v2\/users\/2"}],"replies":[{"embeddable":true,"href":"https:\/\/adwokat-slupsk.eu\/index.php\/wp-json\/wp\/v2\/comments?post=815"}],"version-history":[{"count":20,"href":"https:\/\/adwokat-slupsk.eu\/index.php\/wp-json\/wp\/v2\/pages\/815\/revisions"}],"predecessor-version":[{"id":1467,"href":"https:\/\/adwokat-slupsk.eu\/index.php\/wp-json\/wp\/v2\/pages\/815\/revisions\/1467"}],"wp:attachment":[{"href":"https:\/\/adwokat-slupsk.eu\/index.php\/wp-json\/wp\/v2\/media?parent=815"}],"curies":[{"name":"wp","href":"https:\/\/api.w.org\/{rel}","templated":true}]}}