{"id":888,"date":"2023-01-31T05:01:11","date_gmt":"2023-01-31T05:01:11","guid":{"rendered":"https:\/\/dreamhub.dreamitsolution.net\/lawyer\/?page_id=888"},"modified":"2025-02-16T16:40:57","modified_gmt":"2025-02-16T16:40:57","slug":"case-style-two","status":"publish","type":"page","link":"https:\/\/adwokat-slupsk.eu\/index.php\/case-style-two\/","title":{"rendered":"Case Style two"},"content":{"rendered":"\t\t<div data-elementor-type=\"wp-page\" data-elementor-id=\"888\" class=\"elementor elementor-888\">\n\t\t\t\t\t\t<section class=\"elementor-section elementor-top-section elementor-element elementor-element-153ef6e elementor-section-boxed elementor-section-height-default elementor-section-height-default\" data-id=\"153ef6e\" data-element_type=\"section\">\n\t\t\t\t\t\t<div class=\"elementor-container elementor-column-gap-default\">\n\t\t\t\t\t<div class=\"elementor-column elementor-col-100 elementor-top-column elementor-element elementor-element-4617197\" data-id=\"4617197\" data-element_type=\"column\">\n\t\t\t<div class=\"elementor-widget-wrap elementor-element-populated\">\n\t\t\t\t\t\t<section class=\"elementor-section elementor-inner-section elementor-element elementor-element-2bbbd99 elementor-section-boxed elementor-section-height-default elementor-section-height-default\" data-id=\"2bbbd99\" data-element_type=\"section\">\n\t\t\t\t\t\t<div class=\"elementor-container elementor-column-gap-default\">\n\t\t\t\t\t<div class=\"elementor-column elementor-col-100 elementor-inner-column elementor-element elementor-element-687914e\" data-id=\"687914e\" data-element_type=\"column\">\n\t\t\t<div class=\"elementor-widget-wrap elementor-element-populated\">\n\t\t\t\t\t\t<div class=\"elementor-element elementor-element-f7120ab elementor-widget elementor-widget-portfolio\" data-id=\"f7120ab\" data-element_type=\"widget\" data-widget_type=\"portfolio.default\">\n\t\t\t\t<div class=\"elementor-widget-container\">\n\t\t\t\t\t \t\t\t\t<\/div>\n\t\t\t\t<\/div>\n\t\t\t\t\t<\/div>\n\t\t<\/div>\n\t\t\t\t\t<\/div>\n\t\t<\/section>\n\t\t\t\t\t<\/div>\n\t\t<\/div>\n\t\t\t\t\t<\/div>\n\t\t<\/section>\n\t\t\t\t<section class=\"elementor-section elementor-top-section elementor-element elementor-element-65ff67a elementor-section-boxed elementor-section-height-default elementor-section-height-default\" data-id=\"65ff67a\" data-element_type=\"section\" data-settings=\"{&quot;background_background&quot;:&quot;classic&quot;}\">\n\t\t\t\t\t\t<div class=\"elementor-container elementor-column-gap-default\">\n\t\t\t\t\t<div class=\"elementor-column elementor-col-100 elementor-top-column elementor-element elementor-element-2c24352\" data-id=\"2c24352\" data-element_type=\"column\">\n\t\t\t<div class=\"elementor-widget-wrap elementor-element-populated\">\n\t\t\t\t\t\t<section class=\"elementor-section elementor-inner-section elementor-element elementor-element-77ee887 elementor-section-content-middle elementor-section-boxed elementor-section-height-default elementor-section-height-default\" data-id=\"77ee887\" data-element_type=\"section\">\n\t\t\t\t\t\t<div class=\"elementor-container elementor-column-gap-default\">\n\t\t\t\t\t<div class=\"elementor-column elementor-col-50 elementor-inner-column elementor-element elementor-element-a554fdf\" data-id=\"a554fdf\" data-element_type=\"column\">\n\t\t\t<div class=\"elementor-widget-wrap elementor-element-populated\">\n\t\t\t\t\t\t<div class=\"elementor-element elementor-element-70002d4 elementor-widget elementor-widget-sectiontitle\" data-id=\"70002d4\" data-element_type=\"widget\" data-widget_type=\"sectiontitle.default\">\n\t\t\t\t<div class=\"elementor-widget-container\">\n\t\t\t\t\t\r\n\t\t\t\t\t\t\t<div class=\"\">\r\n\r\n\t\t\t\t\t<div class=\"section-title t_left\">\r\n\t\t\t\t\t\t\r\n\t\t\t\t\t\t\r\n\t\t\t\t\t\t \r\n\t\t\t\t\t\t\t<h3>Suscribe to Our Newsletter!<\/h3>\r\n\t\t\t\t\t\t\r\n\t\t\t\t\t\t\t\t\t\t\t\t \r\n\t\t\t\t\t\t\t<p>Holisticly provide access to exceptional methodologies more than another option for out-of-the-box core competencies.<\/p>\r\n\t\t\t\t\t\t\r\n\r\n\r\n\t\t\t\t\t<\/div>\t\r\n\r\n\t\t\t\t<\/div>\r\n\r\n\t\t\t\r\n\t\t\t\t\t\t\t<\/div>\n\t\t\t\t<\/div>\n\t\t\t\t\t<\/div>\n\t\t<\/div>\n\t\t\t\t<div class=\"elementor-column elementor-col-50 elementor-inner-column elementor-element elementor-element-b265e0c\" data-id=\"b265e0c\" data-element_type=\"column\">\n\t\t\t<div class=\"elementor-widget-wrap elementor-element-populated\">\n\t\t\t\t\t\t<div class=\"elementor-element elementor-element-97145ea elementor-widget elementor-widget-shortcode\" data-id=\"97145ea\" data-element_type=\"widget\" data-widget_type=\"shortcode.default\">\n\t\t\t\t<div class=\"elementor-widget-container\">\n\t\t\t\t\t\t\t<div class=\"elementor-shortcode\"><script>(function() {\n\twindow.mc4wp = window.mc4wp || {\n\t\tlisteners: [],\n\t\tforms: {\n\t\t\ton: function(evt, cb) {\n\t\t\t\twindow.mc4wp.listeners.push(\n\t\t\t\t\t{\n\t\t\t\t\t\tevent   : evt,\n\t\t\t\t\t\tcallback: cb\n\t\t\t\t\t}\n\t\t\t\t);\n\t\t\t}\n\t\t}\n\t}\n})();\n<\/script><!-- Mailchimp for WordPress v4.10.3 - https:\/\/wordpress.org\/plugins\/mailchimp-for-wp\/ --><form id=\"mc4wp-form-1\" class=\"mc4wp-form mc4wp-form-637\" method=\"post\" data-id=\"637\" data-name=\"\" ><div class=\"mc4wp-form-fields\"><p class=\"mailchimp-form\">\r\n<input type=\"email\" name=\"email\" placeholder=\"Enter Your Email....\" required=\"\">\r\n<button type=\"submit\"> Subscribe<\/button><\/p><\/div><label style=\"display: none !important;\">Pozostaw to pole puste, je\u015bli jeste\u015b cz\u0142owiekiem: <input type=\"text\" name=\"_mc4wp_honeypot\" value=\"\" tabindex=\"-1\" autocomplete=\"off\" \/><\/label><input type=\"hidden\" name=\"_mc4wp_timestamp\" value=\"1776589015\" \/><input type=\"hidden\" name=\"_mc4wp_form_id\" value=\"637\" \/><input type=\"hidden\" name=\"_mc4wp_form_element_id\" value=\"mc4wp-form-1\" \/><div class=\"mc4wp-response\"><\/div><\/form><!-- \/ Mailchimp for WordPress Plugin --><\/div>\n\t\t\t\t\t\t<\/div>\n\t\t\t\t<\/div>\n\t\t\t\t\t<\/div>\n\t\t<\/div>\n\t\t\t\t\t<\/div>\n\t\t<\/section>\n\t\t\t\t\t<\/div>\n\t\t<\/div>\n\t\t\t\t\t<\/div>\n\t\t<\/section>\n\t\t\t\t<\/div>\n\t\t","protected":false},"excerpt":{"rendered":"<p>Suscribe to Our Newsletter! Holisticly provide access to exceptional methodologies more than another option for out-of-the-box core competencies.<\/p>\n","protected":false},"author":2,"featured_media":0,"parent":0,"menu_order":0,"comment_status":"closed","ping_status":"closed","template":"page-templates\/template-default.php","meta":{"_monsterinsights_skip_tracking":false,"_monsterinsights_sitenote_active":false,"_monsterinsights_sitenote_note":"","_monsterinsights_sitenote_category":0,"footnotes":""},"class_list":["post-888","page","type-page","status-publish","hentry"],"yoast_head":"<!-- This site is optimized with the Yoast SEO Premium plugin v25.1 (Yoast SEO v25.1) - https:\/\/yoast.com\/wordpress\/plugins\/seo\/ -->\n<title>Case Style two - Adwokat S\u0142upsk<\/title>\n<meta name=\"robots\" content=\"index, follow, max-snippet:-1, max-image-preview:large, max-video-preview:-1\" \/>\n<link rel=\"canonical\" href=\"https:\/\/adwokat-slupsk.eu\/index.php\/case-style-two\/\" \/>\n<meta property=\"og:locale\" content=\"pl_PL\" \/>\n<meta property=\"og:type\" content=\"article\" \/>\n<meta property=\"og:title\" content=\"Case Style two\" \/>\n<meta property=\"og:description\" content=\"Suscribe to Our Newsletter! Holisticly provide access to exceptional methodologies more than another option for out-of-the-box core competencies.\" \/>\n<meta property=\"og:url\" content=\"https:\/\/adwokat-slupsk.eu\/index.php\/case-style-two\/\" \/>\n<meta property=\"og:site_name\" content=\"Adwokat S\u0142upsk\" \/>\n<meta property=\"article:publisher\" content=\"https:\/\/www.facebook.com\/adw.slupsk\" \/>\n<meta property=\"article:modified_time\" content=\"2025-02-16T16:40:57+00:00\" \/>\n<meta name=\"twitter:card\" content=\"summary_large_image\" \/>\n<script type=\"application\/ld+json\" class=\"yoast-schema-graph\">{\"@context\":\"https:\/\/schema.org\",\"@graph\":[{\"@type\":\"WebPage\",\"@id\":\"https:\/\/adwokat-slupsk.eu\/index.php\/case-style-two\/\",\"url\":\"https:\/\/adwokat-slupsk.eu\/index.php\/case-style-two\/\",\"name\":\"Case Style two - Adwokat S\u0142upsk\",\"isPartOf\":{\"@id\":\"https:\/\/adwokat-slupsk.eu\/#website\"},\"datePublished\":\"2023-01-31T05:01:11+00:00\",\"dateModified\":\"2025-02-16T16:40:57+00:00\",\"breadcrumb\":{\"@id\":\"https:\/\/adwokat-slupsk.eu\/index.php\/case-style-two\/#breadcrumb\"},\"inLanguage\":\"pl-PL\",\"potentialAction\":[{\"@type\":\"ReadAction\",\"target\":[\"https:\/\/adwokat-slupsk.eu\/index.php\/case-style-two\/\"]}]},{\"@type\":\"BreadcrumbList\",\"@id\":\"https:\/\/adwokat-slupsk.eu\/index.php\/case-style-two\/#breadcrumb\",\"itemListElement\":[{\"@type\":\"ListItem\",\"position\":1,\"name\":\"Strona g\u0142\u00f3wna\",\"item\":\"https:\/\/adwokat-slupsk.eu\/\"},{\"@type\":\"ListItem\",\"position\":2,\"name\":\"Case Style two\"}]},{\"@type\":\"WebSite\",\"@id\":\"https:\/\/adwokat-slupsk.eu\/#website\",\"url\":\"https:\/\/adwokat-slupsk.eu\/\",\"name\":\"Adwokat S\u0142upsk\",\"description\":\"Skuteczna pomoc prawna w S\u0142upsku i okolicach.\",\"publisher\":{\"@id\":\"https:\/\/adwokat-slupsk.eu\/#organization\"},\"potentialAction\":[{\"@type\":\"SearchAction\",\"target\":{\"@type\":\"EntryPoint\",\"urlTemplate\":\"https:\/\/adwokat-slupsk.eu\/?s={search_term_string}\"},\"query-input\":{\"@type\":\"PropertyValueSpecification\",\"valueRequired\":true,\"valueName\":\"search_term_string\"}}],\"inLanguage\":\"pl-PL\"},{\"@type\":\"Organization\",\"@id\":\"https:\/\/adwokat-slupsk.eu\/#organization\",\"name\":\"Adwokat S\u0142upsk\",\"url\":\"https:\/\/adwokat-slupsk.eu\/\",\"logo\":{\"@type\":\"ImageObject\",\"inLanguage\":\"pl-PL\",\"@id\":\"https:\/\/adwokat-slupsk.eu\/#\/schema\/logo\/image\/\",\"url\":\"https:\/\/adwokat-slupsk.eu\/wp-content\/uploads\/2025\/02\/Logo-kancelaria-v1.0.png\",\"contentUrl\":\"https:\/\/adwokat-slupsk.eu\/wp-content\/uploads\/2025\/02\/Logo-kancelaria-v1.0.png\",\"width\":547,\"height\":493,\"caption\":\"Adwokat S\u0142upsk\"},\"image\":{\"@id\":\"https:\/\/adwokat-slupsk.eu\/#\/schema\/logo\/image\/\"},\"sameAs\":[\"https:\/\/www.facebook.com\/adw.slupsk\"]}]}<\/script>\n<!-- \/ Yoast SEO Premium plugin. -->","yoast_head_json":{"title":"Case Style two - Adwokat S\u0142upsk","robots":{"index":"index","follow":"follow","max-snippet":"max-snippet:-1","max-image-preview":"max-image-preview:large","max-video-preview":"max-video-preview:-1"},"canonical":"https:\/\/adwokat-slupsk.eu\/index.php\/case-style-two\/","og_locale":"pl_PL","og_type":"article","og_title":"Case Style two","og_description":"Suscribe to Our Newsletter! Holisticly provide access to exceptional methodologies more than another option for out-of-the-box core competencies.","og_url":"https:\/\/adwokat-slupsk.eu\/index.php\/case-style-two\/","og_site_name":"Adwokat S\u0142upsk","article_publisher":"https:\/\/www.facebook.com\/adw.slupsk","article_modified_time":"2025-02-16T16:40:57+00:00","twitter_card":"summary_large_image","schema":{"@context":"https:\/\/schema.org","@graph":[{"@type":"WebPage","@id":"https:\/\/adwokat-slupsk.eu\/index.php\/case-style-two\/","url":"https:\/\/adwokat-slupsk.eu\/index.php\/case-style-two\/","name":"Case Style two - Adwokat S\u0142upsk","isPartOf":{"@id":"https:\/\/adwokat-slupsk.eu\/#website"},"datePublished":"2023-01-31T05:01:11+00:00","dateModified":"2025-02-16T16:40:57+00:00","breadcrumb":{"@id":"https:\/\/adwokat-slupsk.eu\/index.php\/case-style-two\/#breadcrumb"},"inLanguage":"pl-PL","potentialAction":[{"@type":"ReadAction","target":["https:\/\/adwokat-slupsk.eu\/index.php\/case-style-two\/"]}]},{"@type":"BreadcrumbList","@id":"https:\/\/adwokat-slupsk.eu\/index.php\/case-style-two\/#breadcrumb","itemListElement":[{"@type":"ListItem","position":1,"name":"Strona g\u0142\u00f3wna","item":"https:\/\/adwokat-slupsk.eu\/"},{"@type":"ListItem","position":2,"name":"Case Style two"}]},{"@type":"WebSite","@id":"https:\/\/adwokat-slupsk.eu\/#website","url":"https:\/\/adwokat-slupsk.eu\/","name":"Adwokat S\u0142upsk","description":"Skuteczna pomoc prawna w S\u0142upsku i okolicach.","publisher":{"@id":"https:\/\/adwokat-slupsk.eu\/#organization"},"potentialAction":[{"@type":"SearchAction","target":{"@type":"EntryPoint","urlTemplate":"https:\/\/adwokat-slupsk.eu\/?s={search_term_string}"},"query-input":{"@type":"PropertyValueSpecification","valueRequired":true,"valueName":"search_term_string"}}],"inLanguage":"pl-PL"},{"@type":"Organization","@id":"https:\/\/adwokat-slupsk.eu\/#organization","name":"Adwokat S\u0142upsk","url":"https:\/\/adwokat-slupsk.eu\/","logo":{"@type":"ImageObject","inLanguage":"pl-PL","@id":"https:\/\/adwokat-slupsk.eu\/#\/schema\/logo\/image\/","url":"https:\/\/adwokat-slupsk.eu\/wp-content\/uploads\/2025\/02\/Logo-kancelaria-v1.0.png","contentUrl":"https:\/\/adwokat-slupsk.eu\/wp-content\/uploads\/2025\/02\/Logo-kancelaria-v1.0.png","width":547,"height":493,"caption":"Adwokat S\u0142upsk"},"image":{"@id":"https:\/\/adwokat-slupsk.eu\/#\/schema\/logo\/image\/"},"sameAs":["https:\/\/www.facebook.com\/adw.slupsk"]}]}},"_links":{"self":[{"href":"https:\/\/adwokat-slupsk.eu\/index.php\/wp-json\/wp\/v2\/pages\/888","targetHints":{"allow":["GET"]}}],"collection":[{"href":"https:\/\/adwokat-slupsk.eu\/index.php\/wp-json\/wp\/v2\/pages"}],"about":[{"href":"https:\/\/adwokat-slupsk.eu\/index.php\/wp-json\/wp\/v2\/types\/page"}],"author":[{"embeddable":true,"href":"https:\/\/adwokat-slupsk.eu\/index.php\/wp-json\/wp\/v2\/users\/2"}],"replies":[{"embeddable":true,"href":"https:\/\/adwokat-slupsk.eu\/index.php\/wp-json\/wp\/v2\/comments?post=888"}],"version-history":[{"count":7,"href":"https:\/\/adwokat-slupsk.eu\/index.php\/wp-json\/wp\/v2\/pages\/888\/revisions"}],"predecessor-version":[{"id":1004,"href":"https:\/\/adwokat-slupsk.eu\/index.php\/wp-json\/wp\/v2\/pages\/888\/revisions\/1004"}],"wp:attachment":[{"href":"https:\/\/adwokat-slupsk.eu\/index.php\/wp-json\/wp\/v2\/media?parent=888"}],"curies":[{"name":"wp","href":"https:\/\/api.w.org\/{rel}","templated":true}]}}